{"id":4072,"date":"2026-02-05T21:23:44","date_gmt":"2026-02-05T19:23:44","guid":{"rendered":"https:\/\/somescola.com\/politica-de-cookies\/"},"modified":"2026-02-05T21:23:44","modified_gmt":"2026-02-05T19:23:44","slug":"politica-de-cookies","status":"publish","type":"page","link":"https:\/\/somescola.com\/es\/politica-de-cookies\/","title":{"rendered":"Pol\u00edtica de cookies"},"content":{"rendered":"<div class=\"relative basis-auto flex-col -mb-(--composer-overlap-px) [--composer-overlap-px:28px] grow flex\">\n<div class=\"flex flex-col text-sm pb-25\">\n<article class=\"text-token-text-primary w-full focus:outline-none [--shadow-height:45px] has-data-writing-block:pointer-events-none has-data-writing-block:-mt-(--shadow-height) has-data-writing-block:pt-(--shadow-height) [&amp;:has([data-writing-block])&gt;*]:pointer-events-auto scroll-mt-[calc(var(--header-height)+min(200px,max(70px,20svh)))]\" dir=\"auto\" tabindex=\"-1\" data-turn-id=\"98192808-a529-422e-bb4d-699eaf3468a7\" data-testid=\"conversation-turn-4\" data-scroll-anchor=\"true\" data-turn=\"assistant\">\n<div class=\"text-base my-auto mx-auto pb-10 [--thread-content-margin:--spacing(4)] @w-sm\/main:[--thread-content-margin:--spacing(6)] @w-lg\/main:[--thread-content-margin:--spacing(16)] px-(--thread-content-margin)\">\n<div class=\"[--thread-content-max-width:40rem] @w-lg\/main:[--thread-content-max-width:48rem] mx-auto max-w-(--thread-content-max-width) flex-1 group\/turn-messages focus-visible:outline-hidden relative flex w-full min-w-0 flex-col agent-turn\" tabindex=\"-1\">\n<div class=\"flex max-w-full flex-col grow\">\n<div class=\"min-h-8 text-message relative flex w-full flex-col items-end gap-2 text-start break-words whitespace-normal [.text-message+&amp;]:mt-1\" dir=\"auto\" data-message-author-role=\"assistant\" data-message-id=\"43801920-db69-4014-972b-d3de7ed88b23\" data-message-model-slug=\"gpt-5-2\">\n<div class=\"flex w-full flex-col gap-1 empty:hidden first:pt-[1px]\">\n<div class=\"markdown prose dark:prose-invert w-full wrap-break-word dark markdown-new-styling\">\n<h2 data-start=\"250\" data-end=\"276\"><strong data-start=\"253\" data-end=\"276\">Pol\u00edtica de cookies<\/strong><\/h2>\n<p data-start=\"278\" data-end=\"499\">En <strong data-start=\"281\" data-end=\"309\">somescolacooperativa.com<\/strong> utilizamos cookies con la finalidad de garantizar el correcto funcionamiento del sitio web, mejorar la experiencia de navegaci\u00f3n de las personas usuarias y analizar el uso que se hace de nuestra web.<\/p>\n<p data-start=\"501\" data-end=\"608\">La presente Pol\u00edtica de Cookies explica qu\u00e9 son las cookies, qu\u00e9 tipos utilizamos y c\u00f3mo puede gestionarlas.<\/p>\n<h2 data-start=\"615\" data-end=\"642\"><strong data-start=\"618\" data-end=\"642\">\u00bfQu\u00e9 son las cookies?<\/strong><\/h2>\n<p data-start=\"644\" data-end=\"924\">Las cookies son peque\u00f1os archivos de texto que se descargan en su dispositivo (ordenador, tableta o tel\u00e9fono m\u00f3vil) cuando visita un sitio web. Permiten, entre otras cosas, almacenar y recuperar informaci\u00f3n sobre los h\u00e1bitos de navegaci\u00f3n de una persona usuaria o de su dispositivo. <\/p>\n<h2 data-start=\"931\" data-end=\"966\"><strong data-start=\"934\" data-end=\"966\">Tipos de cookies utilizadas<\/strong><\/h2>\n<p data-start=\"968\" data-end=\"1034\">En este sitio web se pueden utilizar los siguientes tipos de cookies:<\/p>\n<h3 data-start=\"1036\" data-end=\"1075\"><strong data-start=\"1040\" data-end=\"1075\">Cookies t\u00e9cnicas o necesarias<\/strong><\/h3>\n<p data-start=\"1076\" data-end=\"1308\">Son aquellas imprescindibles para el correcto funcionamiento del sitio web y para permitir la navegaci\u00f3n y el uso de las diferentes opciones o servicios que ofrece.<br data-start=\"1229\" data-end=\"1232\">Este tipo de cookies no requiere el consentimiento de la persona usuaria.<\/p>\n<h3 data-start=\"1310\" data-end=\"1348\"><strong data-start=\"1314\" data-end=\"1348\">Cookies de an\u00e1lisis o medici\u00f3n<\/strong><\/h3>\n<p data-start=\"1349\" data-end=\"1537\">Permiten cuantificar el n\u00famero de personas usuarias y realizar la medici\u00f3n y el an\u00e1lisis estad\u00edstico del uso que hacen del sitio web, con la finalidad de mejorar los contenidos y servicios ofrecidos.<\/p>\n<h3 data-start=\"1539\" data-end=\"1565\"><strong data-start=\"1543\" data-end=\"1565\">Cookies de terceros<\/strong><\/h3>\n<p data-start=\"1566\" data-end=\"1721\">El sitio web puede utilizar servicios de terceros que recopilan informaci\u00f3n con fines estad\u00edsticos o de mejora del servicio (como herramientas de anal\u00edtica web).<\/p>\n<h2 data-start=\"1728\" data-end=\"1771\"><strong data-start=\"1731\" data-end=\"1771\">Cookies utilizadas en este sitio web<\/strong><\/h2>\n<p data-start=\"1773\" data-end=\"1896\">Actualmente, <strong data-start=\"1785\" data-end=\"1813\">somescolacooperativa.com<\/strong> puede utilizar cookies propias y\/o de terceros con fines t\u00e9cnicos y de an\u00e1lisis.<\/p>\n<p data-start=\"1898\" data-end=\"2051\">En ning\u00fan caso se tratan datos personales sensibles ni se utilizan cookies con fines publicitarios sin el consentimiento expl\u00edcito de la persona usuaria.<\/p>\n<h2 data-start=\"2058\" data-end=\"2097\"><strong data-start=\"2061\" data-end=\"2097\">Gesti\u00f3n y configuraci\u00f3n de cookies<\/strong><\/h2>\n<p data-start=\"2099\" data-end=\"2248\">Puede permitir, bloquear o eliminar las cookies instaladas en su dispositivo mediante la configuraci\u00f3n de las opciones del navegador que utilice.<\/p>\n<p data-start=\"2250\" data-end=\"2364\">A continuaci\u00f3n, le indicamos enlaces con informaci\u00f3n sobre c\u00f3mo gestionar las cookies en los navegadores m\u00e1s habituales:<\/p>\n<ul data-start=\"2366\" data-end=\"2433\">\n<li data-start=\"2366\" data-end=\"2383\">\n<p data-start=\"2368\" data-end=\"2383\">Google Chrome<\/p>\n<\/li>\n<li data-start=\"2384\" data-end=\"2403\">\n<p data-start=\"2386\" data-end=\"2403\">Mozilla Firefox<\/p>\n<\/li>\n<li data-start=\"2404\" data-end=\"2414\">\n<p data-start=\"2406\" data-end=\"2414\">Safari<\/p>\n<\/li>\n<li data-start=\"2415\" data-end=\"2433\">\n<p data-start=\"2417\" data-end=\"2433\">Microsoft Edge<\/p>\n<\/li>\n<\/ul>\n<p data-start=\"2435\" data-end=\"2547\">Tenga en cuenta que la desactivaci\u00f3n de determinadas cookies puede afectar al correcto funcionamiento del sitio web.<\/p>\n<h2 data-start=\"2554\" data-end=\"2597\"><strong data-start=\"2557\" data-end=\"2597\">Aceptaci\u00f3n de la Pol\u00edtica de Cookies<\/strong><\/h2>\n<p data-start=\"2599\" data-end=\"2787\">Al acceder por primera vez a <strong data-start=\"2631\" data-end=\"2659\">somescolacooperativa.com<\/strong>, aparece un aviso de cookies que le permite aceptar, rechazar o configurar el uso de las cookies, de acuerdo con la normativa vigente.<\/p>\n<h2 data-start=\"2794\" data-end=\"2840\"><strong data-start=\"2797\" data-end=\"2840\">Modificaciones de la Pol\u00edtica de Cookies<\/strong><\/h2>\n<p data-start=\"2842\" data-end=\"3028\">Esta Pol\u00edtica de Cookies puede ser actualizada en funci\u00f3n de cambios legislativos o t\u00e9cnicos. Se recomienda revisarla peri\u00f3dicamente para estar informado de c\u00f3mo y para qu\u00e9 utilizamos las cookies. <\/p>\n<h2 data-start=\"3035\" data-end=\"3050\"><strong data-start=\"3038\" data-end=\"3050\">Contacto<\/strong><\/h2>\n<p data-start=\"3052\" data-end=\"3168\">Si tiene cualquier duda sobre esta Pol\u00edtica de Cookies, puede contactar con nosotros a trav\u00e9s del correo electr\u00f3nico:<\/p>\n<p data-start=\"3170\" data-end=\"3206\">\ud83d\udce7 <strong data-start=\"3173\" data-end=\"3206\"><a class=\"decorated-link cursor-pointer\" rel=\"noopener\" data-start=\"3175\" data-end=\"3204\">info@somescolacooperativa.com<\/a><\/strong><\/p>\n<\/div>\n<\/div>\n<\/div>\n<\/div>\n<\/div>\n<\/div>\n<\/article>\n<\/div>\n<\/div>\n<div id=\"thread-bottom-container\" class=\"sticky bottom-0 group\/thread-bottom-container relative isolate z-10 w-full basis-auto has-data-has-thread-error:pt-2 has-data-has-thread-error:[box-shadow:var(--sharp-edge-bottom-shadow)] md:border-transparent md:pt-0 dark:border-white\/20 md:dark:border-transparent print:hidden content-fade single-line flex flex-col\">\n<div id=\"thread-bottom\">\n<div class=\"text-base mx-auto [--thread-content-margin:--spacing(4)] @w-sm\/main:[--thread-content-margin:--spacing(6)] @w-lg\/main:[--thread-content-margin:--spacing(16)] px-(--thread-content-margin)\">\n<div class=\"[--thread-content-max-width:40rem] @w-lg\/main:[--thread-content-max-width:48rem] mx-auto max-w-(--thread-content-max-width) flex-1 mb-4\">\n<div class=\"pointer-events-auto relative z-1 flex h-(--composer-container-height,100%) max-w-full flex-(--composer-container-flex,1) flex-col\">\n<form class=\"group\/composer w-full\" data-type=\"unified-composer\">\n<div class=\"\">\n<div class=\"bg-token-bg-primary corner-superellipse\/1.1 cursor-text overflow-clip bg-clip-padding p-2.5 contain-inline-size motion-safe:transition-colors motion-safe:duration-200 motion-safe:ease-in-out dark:bg-[#303030] grid grid-cols-[auto_1fr_auto] [grid-template-areas:'header_header_header'_'leading_primary_trailing'_'._footer_.'] group-data-expanded\/composer:[grid-template-areas:'header_header_header'_'primary_primary_primary'_'leading_footer_trailing'] shadow-short\" data-composer-surface=\"true\">\n<div class=\"flex items-center gap-2 [grid-area:trailing]\">\n<div class=\"ms-auto flex items-center gap-1.5\">\n<div>\n<div>\n<div class=\"relative\"><\/div>\n<\/div>\n<\/div>\n<\/div>\n<\/div>\n<\/div>\n<\/div>\n<\/form>\n<\/div>\n<\/div>\n<\/div>\n<\/div>\n<\/div>\n","protected":false},"excerpt":{"rendered":"<p>Pol\u00edtica de cookies En somescolacooperativa.com utilizamos cookies con la finalidad  [&#8230;]<\/p>\n","protected":false},"author":2,"featured_media":0,"parent":0,"menu_order":0,"comment_status":"closed","ping_status":"closed","template":"100-width.php","meta":{"_acf_changed":false,"footnotes":""},"class_list":["post-4072","page","type-page","status-publish","hentry"],"acf":[],"yoast_head":"<!-- This site is optimized with the Yoast SEO plugin v27.1.1 - https:\/\/yoast.com\/product\/yoast-seo-wordpress\/ -->\n<title>Pol\u00edtica de cookies - Som Escola<\/title>\n<meta name=\"robots\" content=\"index, follow, max-snippet:-1, max-image-preview:large, max-video-preview:-1\" \/>\n<link rel=\"canonical\" href=\"https:\/\/somescola.com\/es\/politica-de-cookies\/\" \/>\n<meta property=\"og:locale\" content=\"es_ES\" \/>\n<meta property=\"og:type\" content=\"article\" \/>\n<meta property=\"og:title\" content=\"Pol\u00edtica de cookies - Som Escola\" \/>\n<meta property=\"og:description\" content=\"Pol\u00edtica de cookies En somescolacooperativa.com utilizamos cookies con la finalidad [...]\" \/>\n<meta property=\"og:url\" content=\"https:\/\/somescola.com\/es\/politica-de-cookies\/\" \/>\n<meta property=\"og:site_name\" content=\"Som Escola\" \/>\n<meta property=\"article:publisher\" content=\"https:\/\/www.facebook.com\/somescolavalencia\" \/>\n<meta name=\"twitter:card\" content=\"summary_large_image\" \/>\n<meta name=\"twitter:label1\" content=\"Tiempo de lectura\" \/>\n\t<meta name=\"twitter:data1\" content=\"2 minutos\" \/>\n<script type=\"application\/ld+json\" class=\"yoast-schema-graph\">{\"@context\":\"https:\/\/schema.org\",\"@graph\":[{\"@type\":\"WebPage\",\"@id\":\"https:\/\/somescola.com\/es\/politica-de-cookies\/\",\"url\":\"https:\/\/somescola.com\/es\/politica-de-cookies\/\",\"name\":\"Pol\u00edtica de cookies - Som Escola\",\"isPartOf\":{\"@id\":\"https:\/\/somescola.com\/es\/#website\"},\"datePublished\":\"2026-02-05T19:23:44+00:00\",\"breadcrumb\":{\"@id\":\"https:\/\/somescola.com\/es\/politica-de-cookies\/#breadcrumb\"},\"inLanguage\":\"es\",\"potentialAction\":[{\"@type\":\"ReadAction\",\"target\":[\"https:\/\/somescola.com\/es\/politica-de-cookies\/\"]}]},{\"@type\":\"BreadcrumbList\",\"@id\":\"https:\/\/somescola.com\/es\/politica-de-cookies\/#breadcrumb\",\"itemListElement\":[{\"@type\":\"ListItem\",\"position\":1,\"name\":\"Inici\",\"item\":\"https:\/\/somescola.com\/es\/home\/\"},{\"@type\":\"ListItem\",\"position\":2,\"name\":\"Pol\u00edtica de cookies\"}]},{\"@type\":\"WebSite\",\"@id\":\"https:\/\/somescola.com\/es\/#website\",\"url\":\"https:\/\/somescola.com\/es\/\",\"name\":\"Som Escola\",\"description\":\"Escola cooperativa valenciana\",\"publisher\":{\"@id\":\"https:\/\/somescola.com\/es\/#organization\"},\"potentialAction\":[{\"@type\":\"SearchAction\",\"target\":{\"@type\":\"EntryPoint\",\"urlTemplate\":\"https:\/\/somescola.com\/es\/?s={search_term_string}\"},\"query-input\":{\"@type\":\"PropertyValueSpecification\",\"valueRequired\":true,\"valueName\":\"search_term_string\"}}],\"inLanguage\":\"es\"},{\"@type\":\"Organization\",\"@id\":\"https:\/\/somescola.com\/es\/#organization\",\"name\":\"Som Escola\",\"url\":\"https:\/\/somescola.com\/es\/\",\"logo\":{\"@type\":\"ImageObject\",\"inLanguage\":\"es\",\"@id\":\"https:\/\/somescola.com\/es\/#\/schema\/logo\/image\/\",\"url\":\"https:\/\/somescola.com\/wp-content\/uploads\/2025\/05\/Logo_Som_Escola_png.png\",\"contentUrl\":\"https:\/\/somescola.com\/wp-content\/uploads\/2025\/05\/Logo_Som_Escola_png.png\",\"width\":2022,\"height\":1609,\"caption\":\"Som Escola\"},\"image\":{\"@id\":\"https:\/\/somescola.com\/es\/#\/schema\/logo\/image\/\"},\"sameAs\":[\"https:\/\/www.facebook.com\/somescolavalencia\",\"https:\/\/www.instagram.com\/somescolavalencia\/\",\"https:\/\/www.youtube.com\/@somescolavalencia1324\"]}]}<\/script>\n<!-- \/ Yoast SEO plugin. -->","yoast_head_json":{"title":"Pol\u00edtica de cookies - Som Escola","robots":{"index":"index","follow":"follow","max-snippet":"max-snippet:-1","max-image-preview":"max-image-preview:large","max-video-preview":"max-video-preview:-1"},"canonical":"https:\/\/somescola.com\/es\/politica-de-cookies\/","og_locale":"es_ES","og_type":"article","og_title":"Pol\u00edtica de cookies - Som Escola","og_description":"Pol\u00edtica de cookies En somescolacooperativa.com utilizamos cookies con la finalidad [...]","og_url":"https:\/\/somescola.com\/es\/politica-de-cookies\/","og_site_name":"Som Escola","article_publisher":"https:\/\/www.facebook.com\/somescolavalencia","twitter_card":"summary_large_image","twitter_misc":{"Tiempo de lectura":"2 minutos"},"schema":{"@context":"https:\/\/schema.org","@graph":[{"@type":"WebPage","@id":"https:\/\/somescola.com\/es\/politica-de-cookies\/","url":"https:\/\/somescola.com\/es\/politica-de-cookies\/","name":"Pol\u00edtica de cookies - Som Escola","isPartOf":{"@id":"https:\/\/somescola.com\/es\/#website"},"datePublished":"2026-02-05T19:23:44+00:00","breadcrumb":{"@id":"https:\/\/somescola.com\/es\/politica-de-cookies\/#breadcrumb"},"inLanguage":"es","potentialAction":[{"@type":"ReadAction","target":["https:\/\/somescola.com\/es\/politica-de-cookies\/"]}]},{"@type":"BreadcrumbList","@id":"https:\/\/somescola.com\/es\/politica-de-cookies\/#breadcrumb","itemListElement":[{"@type":"ListItem","position":1,"name":"Inici","item":"https:\/\/somescola.com\/es\/home\/"},{"@type":"ListItem","position":2,"name":"Pol\u00edtica de cookies"}]},{"@type":"WebSite","@id":"https:\/\/somescola.com\/es\/#website","url":"https:\/\/somescola.com\/es\/","name":"Som Escola","description":"Escola cooperativa valenciana","publisher":{"@id":"https:\/\/somescola.com\/es\/#organization"},"potentialAction":[{"@type":"SearchAction","target":{"@type":"EntryPoint","urlTemplate":"https:\/\/somescola.com\/es\/?s={search_term_string}"},"query-input":{"@type":"PropertyValueSpecification","valueRequired":true,"valueName":"search_term_string"}}],"inLanguage":"es"},{"@type":"Organization","@id":"https:\/\/somescola.com\/es\/#organization","name":"Som Escola","url":"https:\/\/somescola.com\/es\/","logo":{"@type":"ImageObject","inLanguage":"es","@id":"https:\/\/somescola.com\/es\/#\/schema\/logo\/image\/","url":"https:\/\/somescola.com\/wp-content\/uploads\/2025\/05\/Logo_Som_Escola_png.png","contentUrl":"https:\/\/somescola.com\/wp-content\/uploads\/2025\/05\/Logo_Som_Escola_png.png","width":2022,"height":1609,"caption":"Som Escola"},"image":{"@id":"https:\/\/somescola.com\/es\/#\/schema\/logo\/image\/"},"sameAs":["https:\/\/www.facebook.com\/somescolavalencia","https:\/\/www.instagram.com\/somescolavalencia\/","https:\/\/www.youtube.com\/@somescolavalencia1324"]}]}},"_links":{"self":[{"href":"https:\/\/somescola.com\/es\/wp-json\/wp\/v2\/pages\/4072","targetHints":{"allow":["GET"]}}],"collection":[{"href":"https:\/\/somescola.com\/es\/wp-json\/wp\/v2\/pages"}],"about":[{"href":"https:\/\/somescola.com\/es\/wp-json\/wp\/v2\/types\/page"}],"author":[{"embeddable":true,"href":"https:\/\/somescola.com\/es\/wp-json\/wp\/v2\/users\/2"}],"replies":[{"embeddable":true,"href":"https:\/\/somescola.com\/es\/wp-json\/wp\/v2\/comments?post=4072"}],"version-history":[{"count":0,"href":"https:\/\/somescola.com\/es\/wp-json\/wp\/v2\/pages\/4072\/revisions"}],"wp:attachment":[{"href":"https:\/\/somescola.com\/es\/wp-json\/wp\/v2\/media?parent=4072"}],"curies":[{"name":"wp","href":"https:\/\/api.w.org\/{rel}","templated":true}]}}