{"id":4110,"date":"2026-02-01T10:58:48","date_gmt":"2026-02-01T08:58:48","guid":{"rendered":"https:\/\/somescola.com\/comedor\/"},"modified":"2026-03-11T16:56:21","modified_gmt":"2026-03-11T14:56:21","slug":"comedor","status":"publish","type":"page","link":"https:\/\/somescola.com\/es\/comedor\/","title":{"rendered":"Comedor"},"content":{"rendered":"<p><div class=\"fusion-fullwidth fullwidth-box fusion-builder-row-1 fusion-flex-container has-pattern-background has-mask-background nonhundred-percent-fullwidth non-hundred-percent-height-scrolling\" style=\"--awb-border-radius-top-left:0px;--awb-border-radius-top-right:0px;--awb-border-radius-bottom-right:0px;--awb-border-radius-bottom-left:0px;--awb-padding-top:96px;--awb-padding-bottom:96px;--awb-background-color:hsla(var(--awb-color2-h),var(--awb-color2-s),calc(var(--awb-color2-l) + 2%),var(--awb-color2-a));--awb-flex-wrap:wrap;\" ><div class=\"fusion-builder-row fusion-row fusion-flex-align-items-flex-start fusion-flex-content-wrap\" style=\"max-width:1248px;margin-left: calc(-4% \/ 2 );margin-right: calc(-4% \/ 2 );\"><div class=\"fusion-layout-column fusion_builder_column fusion-builder-column-0 fusion-flex-column fusion-no-small-visibility fusion-no-medium-visibility\" style=\"--awb-bg-size:cover;--awb-width-large:4%;--awb-margin-top-large:0px;--awb-spacing-right-large:48%;--awb-margin-bottom-large:20px;--awb-spacing-left-large:48%;--awb-width-medium:4%;--awb-order-medium:0;--awb-spacing-right-medium:48%;--awb-spacing-left-medium:48%;--awb-width-small:100%;--awb-order-small:0;--awb-spacing-right-small:1.92%;--awb-spacing-left-small:1.92%;\"><div class=\"fusion-column-wrapper fusion-column-has-shadow fusion-flex-justify-content-flex-start fusion-content-layout-column\"><\/div><\/div><div class=\"fusion-layout-column fusion_builder_column fusion-builder-column-1 fusion-flex-column fusion-flex-align-self-center\" style=\"--awb-bg-size:cover;--awb-width-large:46%;--awb-margin-top-large:40px;--awb-spacing-right-large:4.1739130434783%;--awb-margin-bottom-large:40px;--awb-spacing-left-large:4.1739130434783%;--awb-width-medium:100%;--awb-order-medium:0;--awb-spacing-right-medium:1.92%;--awb-margin-bottom-medium:0px;--awb-spacing-left-medium:1.92%;--awb-width-small:100%;--awb-order-small:0;--awb-spacing-right-small:1.92%;--awb-spacing-left-small:1.92%;\"><div class=\"fusion-column-wrapper fusion-column-has-shadow fusion-flex-justify-content-center fusion-content-layout-column\"><div class=\"fusion-title title fusion-title-1 fusion-sep-none fusion-title-text fusion-title-size-two\" style=\"--awb-margin-top:0px;--awb-margin-bottom:24px;--awb-margin-bottom-small:32px;\"><h2 class=\"fusion-title-heading title-heading-left\" style=\"margin:0;text-transform:none;\">Cocina y cocinera propia<\/h2><\/div><div class=\"fusion-text fusion-text-1 fusion-text-no-margin\" style=\"--awb-margin-bottom:20px;\"><p>En nuestro centro, el servicio de comedor es mucho m\u00e1s que un espacio para comer: es una oportunidad educativa m\u00e1s para <b>continuar el trabajo que se realiza en el aula.<\/b><\/p>\n<p>El comedor est\u00e1 <b>autogestionado por el propio colegio, con cocina y cocinera propia<\/b>, lo que nos permite ofrecer una alimentaci\u00f3n casera, saludable y adaptada a las necesidades de nuestros alumnos. Los men\u00fas son <b>elaborados por una nutricionista<\/b> colegiada, siguiendo las recomendaciones de la Conselleria de Educaci\u00f3n, para garantizar una dieta equilibrada y adecuada a cada etapa. <\/p>\n<p>Adem\u00e1s, ofrecemos <b>diversos tipos de men\u00fas para adaptarnos a las necesidades alimentarias<\/b> de los comensales (alergias, intolerancias, dietas especiales&#8230;).<\/p>\n<\/div><div class=\"fusion-separator fusion-full-width-sep\" style=\"align-self: center;margin-left: auto;margin-right: auto;margin-top:20px;margin-bottom:20px;width:100%;\"><\/div><\/div><\/div><div class=\"fusion-layout-column fusion_builder_column fusion-builder-column-2 fusion-flex-column fusion-flex-align-self-stretch\" style=\"--awb-padding-top:6vw;--awb-padding-bottom:6vw;--awb-overflow:hidden;--awb-bg-image:url(&#039;https:\/\/somescola.com\/wp-content\/uploads\/2026\/02\/DSC_0337-Enhanced-NR.jpg&#039;);--awb-bg-position:center top;--awb-bg-size:cover;--awb-border-radius:8px 8px 8px 8px;--awb-width-large:50%;--awb-margin-top-large:0px;--awb-spacing-right-large:3.84%;--awb-margin-bottom-large:20px;--awb-spacing-left-large:3.84%;--awb-width-medium:60%;--awb-order-medium:0;--awb-spacing-right-medium:3.2%;--awb-margin-bottom-medium:16px;--awb-spacing-left-medium:3.2%;--awb-width-small:100%;--awb-order-small:0;--awb-spacing-right-small:1.92%;--awb-spacing-left-small:1.92%;\"><div class=\"fusion-column-wrapper fusion-column-has-shadow fusion-flex-justify-content-flex-start fusion-content-layout-column fusion-column-has-bg-image\" data-bg-url=\"https:\/\/somescola.com\/wp-content\/uploads\/2026\/02\/DSC_0337-Enhanced-NR.jpg\"><div class=\"fusion-separator fusion-full-width-sep\" style=\"align-self: center;margin-left: auto;margin-right: auto;width:100%;\"><\/div><div class=\"fusion-separator fusion-full-width-sep\" style=\"align-self: center;margin-left: auto;margin-right: auto;margin-top:100px;margin-bottom:100px;width:100%;\"><\/div><\/div><\/div><\/div><\/div><div class=\"fusion-fullwidth fullwidth-box fusion-builder-row-2 fusion-flex-container has-pattern-background has-mask-background nonhundred-percent-fullwidth non-hundred-percent-height-scrolling\" style=\"--awb-border-radius-top-left:0px;--awb-border-radius-top-right:0px;--awb-border-radius-bottom-right:0px;--awb-border-radius-bottom-left:0px;--awb-padding-top:96px;--awb-padding-bottom:96px;--awb-background-color:hsla(var(--awb-color2-h),var(--awb-color2-s),calc(var(--awb-color2-l) + 2%),var(--awb-color2-a));--awb-flex-wrap:wrap;\" ><div class=\"fusion-builder-row fusion-row fusion-flex-align-items-flex-start fusion-flex-content-wrap\" style=\"max-width:1248px;margin-left: calc(-4% \/ 2 );margin-right: calc(-4% \/ 2 );\"><div class=\"fusion-layout-column fusion_builder_column fusion-builder-column-3 fusion-flex-column fusion-flex-align-self-stretch\" style=\"--awb-padding-top:6vw;--awb-padding-bottom:6vw;--awb-overflow:hidden;--awb-bg-image:url(&#039;https:\/\/somescola.com\/wp-content\/uploads\/2026\/02\/DSC_0380-Enhanced-NR-1024x683.jpg&#039;);--awb-bg-position:center top;--awb-bg-size:cover;--awb-border-radius:8px 8px 8px 8px;--awb-width-large:50%;--awb-margin-top-large:0px;--awb-spacing-right-large:3.84%;--awb-margin-bottom-large:20px;--awb-spacing-left-large:3.84%;--awb-width-medium:60%;--awb-order-medium:0;--awb-spacing-right-medium:3.2%;--awb-margin-bottom-medium:16px;--awb-spacing-left-medium:3.2%;--awb-width-small:100%;--awb-order-small:0;--awb-spacing-right-small:1.92%;--awb-spacing-left-small:1.92%;\"><div class=\"fusion-column-wrapper fusion-column-has-shadow fusion-flex-justify-content-flex-start fusion-content-layout-column fusion-column-has-bg-image\" data-bg-url=\"https:\/\/somescola.com\/wp-content\/uploads\/2026\/02\/DSC_0380-Enhanced-NR-1024x683.jpg\"><div class=\"fusion-separator fusion-full-width-sep\" style=\"align-self: center;margin-left: auto;margin-right: auto;width:100%;\"><\/div><div class=\"fusion-separator fusion-full-width-sep\" style=\"align-self: center;margin-left: auto;margin-right: auto;margin-top:100px;margin-bottom:100px;width:100%;\"><\/div><\/div><\/div><div class=\"fusion-layout-column fusion_builder_column fusion-builder-column-4 fusion-flex-column fusion-no-small-visibility fusion-no-medium-visibility\" style=\"--awb-bg-size:cover;--awb-width-large:4%;--awb-margin-top-large:0px;--awb-spacing-right-large:48%;--awb-margin-bottom-large:20px;--awb-spacing-left-large:48%;--awb-width-medium:4%;--awb-order-medium:0;--awb-spacing-right-medium:48%;--awb-spacing-left-medium:48%;--awb-width-small:100%;--awb-order-small:0;--awb-spacing-right-small:1.92%;--awb-spacing-left-small:1.92%;\"><div class=\"fusion-column-wrapper fusion-column-has-shadow fusion-flex-justify-content-flex-start fusion-content-layout-column\"><\/div><\/div><div class=\"fusion-layout-column fusion_builder_column fusion-builder-column-5 fusion-flex-column fusion-flex-align-self-center\" style=\"--awb-bg-size:cover;--awb-width-large:46%;--awb-margin-top-large:40px;--awb-spacing-right-large:4.1739130434783%;--awb-margin-bottom-large:40px;--awb-spacing-left-large:4.1739130434783%;--awb-width-medium:100%;--awb-order-medium:0;--awb-spacing-right-medium:1.92%;--awb-margin-bottom-medium:0px;--awb-spacing-left-medium:1.92%;--awb-width-small:100%;--awb-order-small:0;--awb-spacing-right-small:1.92%;--awb-spacing-left-small:1.92%;\"><div class=\"fusion-column-wrapper fusion-column-has-shadow fusion-flex-justify-content-center fusion-content-layout-column\"><div class=\"fusion-title title fusion-title-2 fusion-sep-none fusion-title-text fusion-title-size-two\" style=\"--awb-margin-top:0px;--awb-margin-bottom:24px;--awb-margin-bottom-small:32px;\"><h2 class=\"fusion-title-heading title-heading-left\" style=\"margin:0;text-transform:none;\">Toda una experiencia educativa<\/h2><\/div><div class=\"fusion-text fusion-text-2 fusion-text-no-margin\" style=\"--awb-margin-bottom:20px;\"><p>El tiempo de comedor y mediod\u00eda est\u00e1 supervisado y dinamizado por monitoras y por los propios maestros del centro, que acompa\u00f1an al alumnado tanto durante la comida como en las actividades posteriores. Esta convivencia favorece un conocimiento m\u00e1s profundo entre profesorado y alumnado de todas las etapas educativas, m\u00e1s all\u00e1 de las aulas. <\/p>\n<p>Tambi\u00e9n colaboramos con entidades locales y comercios de proximidad para favorecer la compra de productos de calidad y de temporada, contribuyendo as\u00ed a una alimentaci\u00f3n m\u00e1s sostenible y al apoyo del peque\u00f1o comercio.<\/p>\n<\/div><div class=\"fusion-separator fusion-full-width-sep\" style=\"align-self: center;margin-left: auto;margin-right: auto;margin-top:20px;margin-bottom:20px;width:100%;\"><\/div><div ><a class=\"fusion-button button-flat fusion-button-default-size button-custom fusion-button-default button-1 fusion-button-default-span fusion-button-default-type\" style=\"--button_accent_color:var(--awb-color8);--button_border_color:var(--awb-color8);--button_accent_hover_color:var(--awb-color1);--button_border_hover_color:var(--awb-color1);--button_gradient_top_color:var(--awb-color4);--button_gradient_bottom_color:var(--awb-color4);--button_gradient_top_color_hover:var(--awb-color5);--button_gradient_bottom_color_hover:var(--awb-color5);--button_margin-bottom:16px;\" target=\"_self\" data-hover=\"icon_rotate\" href=\"https:\/\/somescola.com\/contacte\/\"><span class=\"fusion-button-text awb-button__text awb-button__text--default\">Contacte<\/span><i class=\"awb-online-schoolbullet awb-button__icon awb-button__icon--default button-icon-right\" aria-hidden=\"true\"><\/i><\/a><\/div><\/div><\/div><\/div><\/div><\/p>\n","protected":false},"excerpt":{"rendered":"","protected":false},"author":2,"featured_media":0,"parent":0,"menu_order":0,"comment_status":"closed","ping_status":"closed","template":"100-width.php","meta":{"_acf_changed":false,"footnotes":""},"class_list":["post-4110","page","type-page","status-publish","hentry"],"acf":[],"yoast_head":"<!-- This site is optimized with the Yoast SEO plugin v27.1.1 - https:\/\/yoast.com\/product\/yoast-seo-wordpress\/ -->\n<title>Comedor - Som Escola<\/title>\n<meta name=\"robots\" content=\"index, follow, max-snippet:-1, max-image-preview:large, max-video-preview:-1\" \/>\n<link rel=\"canonical\" href=\"https:\/\/somescola.com\/es\/comedor\/\" \/>\n<meta property=\"og:locale\" content=\"es_ES\" \/>\n<meta property=\"og:type\" content=\"article\" \/>\n<meta property=\"og:title\" content=\"Comedor - Som Escola\" \/>\n<meta property=\"og:url\" content=\"https:\/\/somescola.com\/es\/comedor\/\" \/>\n<meta property=\"og:site_name\" content=\"Som Escola\" \/>\n<meta property=\"article:publisher\" content=\"https:\/\/www.facebook.com\/somescolavalencia\" \/>\n<meta property=\"article:modified_time\" content=\"2026-03-11T14:56:21+00:00\" \/>\n<meta name=\"twitter:card\" content=\"summary_large_image\" \/>\n<meta name=\"twitter:label1\" content=\"Tiempo de lectura\" \/>\n\t<meta name=\"twitter:data1\" content=\"15 minutos\" \/>\n<script type=\"application\/ld+json\" class=\"yoast-schema-graph\">{\"@context\":\"https:\/\/schema.org\",\"@graph\":[{\"@type\":\"WebPage\",\"@id\":\"https:\/\/somescola.com\/es\/comedor\/\",\"url\":\"https:\/\/somescola.com\/es\/comedor\/\",\"name\":\"Comedor - Som Escola\",\"isPartOf\":{\"@id\":\"https:\/\/somescola.com\/es\/#website\"},\"datePublished\":\"2026-02-01T08:58:48+00:00\",\"dateModified\":\"2026-03-11T14:56:21+00:00\",\"breadcrumb\":{\"@id\":\"https:\/\/somescola.com\/es\/comedor\/#breadcrumb\"},\"inLanguage\":\"es\",\"potentialAction\":[{\"@type\":\"ReadAction\",\"target\":[\"https:\/\/somescola.com\/es\/comedor\/\"]}]},{\"@type\":\"BreadcrumbList\",\"@id\":\"https:\/\/somescola.com\/es\/comedor\/#breadcrumb\",\"itemListElement\":[{\"@type\":\"ListItem\",\"position\":1,\"name\":\"Inici\",\"item\":\"https:\/\/somescola.com\/es\/home\/\"},{\"@type\":\"ListItem\",\"position\":2,\"name\":\"Comedor\"}]},{\"@type\":\"WebSite\",\"@id\":\"https:\/\/somescola.com\/es\/#website\",\"url\":\"https:\/\/somescola.com\/es\/\",\"name\":\"Som Escola\",\"description\":\"Escola cooperativa valenciana\",\"publisher\":{\"@id\":\"https:\/\/somescola.com\/es\/#organization\"},\"potentialAction\":[{\"@type\":\"SearchAction\",\"target\":{\"@type\":\"EntryPoint\",\"urlTemplate\":\"https:\/\/somescola.com\/es\/?s={search_term_string}\"},\"query-input\":{\"@type\":\"PropertyValueSpecification\",\"valueRequired\":true,\"valueName\":\"search_term_string\"}}],\"inLanguage\":\"es\"},{\"@type\":\"Organization\",\"@id\":\"https:\/\/somescola.com\/es\/#organization\",\"name\":\"Som Escola\",\"url\":\"https:\/\/somescola.com\/es\/\",\"logo\":{\"@type\":\"ImageObject\",\"inLanguage\":\"es\",\"@id\":\"https:\/\/somescola.com\/es\/#\/schema\/logo\/image\/\",\"url\":\"https:\/\/somescola.com\/wp-content\/uploads\/2025\/05\/Logo_Som_Escola_png.png\",\"contentUrl\":\"https:\/\/somescola.com\/wp-content\/uploads\/2025\/05\/Logo_Som_Escola_png.png\",\"width\":2022,\"height\":1609,\"caption\":\"Som Escola\"},\"image\":{\"@id\":\"https:\/\/somescola.com\/es\/#\/schema\/logo\/image\/\"},\"sameAs\":[\"https:\/\/www.facebook.com\/somescolavalencia\",\"https:\/\/www.instagram.com\/somescolavalencia\/\",\"https:\/\/www.youtube.com\/@somescolavalencia1324\"]}]}<\/script>\n<!-- \/ Yoast SEO plugin. -->","yoast_head_json":{"title":"Comedor - Som Escola","robots":{"index":"index","follow":"follow","max-snippet":"max-snippet:-1","max-image-preview":"max-image-preview:large","max-video-preview":"max-video-preview:-1"},"canonical":"https:\/\/somescola.com\/es\/comedor\/","og_locale":"es_ES","og_type":"article","og_title":"Comedor - Som Escola","og_url":"https:\/\/somescola.com\/es\/comedor\/","og_site_name":"Som Escola","article_publisher":"https:\/\/www.facebook.com\/somescolavalencia","article_modified_time":"2026-03-11T14:56:21+00:00","twitter_card":"summary_large_image","twitter_misc":{"Tiempo de lectura":"15 minutos"},"schema":{"@context":"https:\/\/schema.org","@graph":[{"@type":"WebPage","@id":"https:\/\/somescola.com\/es\/comedor\/","url":"https:\/\/somescola.com\/es\/comedor\/","name":"Comedor - Som Escola","isPartOf":{"@id":"https:\/\/somescola.com\/es\/#website"},"datePublished":"2026-02-01T08:58:48+00:00","dateModified":"2026-03-11T14:56:21+00:00","breadcrumb":{"@id":"https:\/\/somescola.com\/es\/comedor\/#breadcrumb"},"inLanguage":"es","potentialAction":[{"@type":"ReadAction","target":["https:\/\/somescola.com\/es\/comedor\/"]}]},{"@type":"BreadcrumbList","@id":"https:\/\/somescola.com\/es\/comedor\/#breadcrumb","itemListElement":[{"@type":"ListItem","position":1,"name":"Inici","item":"https:\/\/somescola.com\/es\/home\/"},{"@type":"ListItem","position":2,"name":"Comedor"}]},{"@type":"WebSite","@id":"https:\/\/somescola.com\/es\/#website","url":"https:\/\/somescola.com\/es\/","name":"Som Escola","description":"Escola cooperativa valenciana","publisher":{"@id":"https:\/\/somescola.com\/es\/#organization"},"potentialAction":[{"@type":"SearchAction","target":{"@type":"EntryPoint","urlTemplate":"https:\/\/somescola.com\/es\/?s={search_term_string}"},"query-input":{"@type":"PropertyValueSpecification","valueRequired":true,"valueName":"search_term_string"}}],"inLanguage":"es"},{"@type":"Organization","@id":"https:\/\/somescola.com\/es\/#organization","name":"Som Escola","url":"https:\/\/somescola.com\/es\/","logo":{"@type":"ImageObject","inLanguage":"es","@id":"https:\/\/somescola.com\/es\/#\/schema\/logo\/image\/","url":"https:\/\/somescola.com\/wp-content\/uploads\/2025\/05\/Logo_Som_Escola_png.png","contentUrl":"https:\/\/somescola.com\/wp-content\/uploads\/2025\/05\/Logo_Som_Escola_png.png","width":2022,"height":1609,"caption":"Som Escola"},"image":{"@id":"https:\/\/somescola.com\/es\/#\/schema\/logo\/image\/"},"sameAs":["https:\/\/www.facebook.com\/somescolavalencia","https:\/\/www.instagram.com\/somescolavalencia\/","https:\/\/www.youtube.com\/@somescolavalencia1324"]}]}},"_links":{"self":[{"href":"https:\/\/somescola.com\/es\/wp-json\/wp\/v2\/pages\/4110","targetHints":{"allow":["GET"]}}],"collection":[{"href":"https:\/\/somescola.com\/es\/wp-json\/wp\/v2\/pages"}],"about":[{"href":"https:\/\/somescola.com\/es\/wp-json\/wp\/v2\/types\/page"}],"author":[{"embeddable":true,"href":"https:\/\/somescola.com\/es\/wp-json\/wp\/v2\/users\/2"}],"replies":[{"embeddable":true,"href":"https:\/\/somescola.com\/es\/wp-json\/wp\/v2\/comments?post=4110"}],"version-history":[{"count":6,"href":"https:\/\/somescola.com\/es\/wp-json\/wp\/v2\/pages\/4110\/revisions"}],"predecessor-version":[{"id":4148,"href":"https:\/\/somescola.com\/es\/wp-json\/wp\/v2\/pages\/4110\/revisions\/4148"}],"wp:attachment":[{"href":"https:\/\/somescola.com\/es\/wp-json\/wp\/v2\/media?parent=4110"}],"curies":[{"name":"wp","href":"https:\/\/api.w.org\/{rel}","templated":true}]}}